{"id":3073,"date":"2024-10-21T17:28:49","date_gmt":"2024-10-21T17:28:49","guid":{"rendered":"https:\/\/dimax.softgenesys.cl\/?page_id=3073"},"modified":"2024-10-21T17:28:49","modified_gmt":"2024-10-21T17:28:49","slug":"tomografia-cone-beam","status":"publish","type":"page","link":"https:\/\/dimax.softgenesys.cl\/index.php\/radiografias\/tomografia-cone-beam\/","title":{"rendered":"TOMOGRAF\u00cdA COMPUTARIZADA CONE BEAM"},"content":{"rendered":"<div id=\"pl-3073\"  class=\"panel-layout\" ><div id=\"pg-3073-0\"  class=\"panel-grid panel-has-style\" ><div class=\"divider-no-animation tablet-1-in-row mobile-1-in-row desktop-default custom panel-row-style panel-row-style-for-3073-0\" ><div id=\"pgc-3073-0-0\"  class=\"panel-grid-cell\" ><div id=\"panel-3073-0-0-0\" class=\"so-panel widget widget_orion_heading_w panel-first-child\" data-index=\"0\" ><div class=\"orion custom default panel-widget-style panel-widget-style-for-3073-0-0-0\" ><div\n\t\t\t\n\t\t\tclass=\"so-widget-orion_heading_w so-widget-orion_heading_w-base\"\n\t\t\t\n\t\t> \r\n\t\t\t<div class=\"row orion-heading\" style=\"margin-bottom:0px;\">\r\n\t\t<div class=\"col-md-12  separator-style-1 text-left style-h6 style-primary-color\">\r\n\t\t\t<h6 class=\"primary-color\">\r\n\t\t\t\tOTROS\t\t\t<\/h6>\r\n\t\t<\/div>\r\n\t<\/div>\r\n\r\n\t<\/div><\/div><\/div><div id=\"panel-3073-0-0-1\" class=\"so-panel widget widget_orion_heading_w\" data-index=\"1\" ><div class=\"orion custom default panel-widget-style panel-widget-style-for-3073-0-0-1\" ><div\n\t\t\t\n\t\t\tclass=\"so-widget-orion_heading_w so-widget-orion_heading_w-base\"\n\t\t\t\n\t\t> \r\n\t\t\t<div class=\"row orion-heading\" style=\"margin-bottom:0px;\">\r\n\t\t<div class=\"col-md-12   text-left style-h2 style-text-dark\">\r\n\t\t\t<h2 class=\"text-dark\">\r\n\t\t\t\tTOMOGRAF\u00cdA COMPUTARIZADA CONE BEAM\t\t\t<\/h2>\r\n\t\t<\/div>\r\n\t<\/div>\r\n\r\n\t<\/div><\/div><\/div><div id=\"panel-3073-0-0-2\" class=\"so-panel widget widget_sow-editor\" data-index=\"2\" ><div class=\"orion custom default panel-widget-style panel-widget-style-for-3073-0-0-2\" ><div\n\t\t\t\n\t\t\tclass=\"so-widget-sow-editor so-widget-sow-editor-base\"\n\t\t\t\n\t\t>\n<div class=\"siteorigin-widget-tinymce textwidget\">\n\t<p class=\"lead\">CBCT: Tomograf\u00eda Computarizada Cone Beam, Tomograf\u00eda Volum\u00e9trica Cone Beam y Tomograf\u00eda Volum\u00e9trica Digital.<br \/>\nEl CBCT es un estudio radiogr\u00e1fico tridimensional que permite el an\u00e1lisis de estructuras \u00f3seas y dentarias y las relaciones existentes entre ellas. Est\u00e1 indicado previo a la colocaci\u00f3n de implantes, localizaci\u00f3n de dientes en los maxilares, estudio de la articulaci\u00f3n t\u00e9mporomandibular, visualizaci\u00f3n de conductos radiculares en endodoncia, defectos \u00f3seos, patolog\u00edas y traumatismos dentoalveolares y m\u00e1xilofaciales, estudio de senos paranasales y trastornos de las gl\u00e1ndulas salivales, entre otras m\u00faltiples aplicaciones.<br \/>\nLa t\u00e9cnica consiste en la adquisici\u00f3n digital de un volumen, a partir del cual se pueden obtener nuevas im\u00e1genes, sin superposici\u00f3n de estructuras en los distintos planos del espacio. El especialista radi\u00f3logo puede as\u00ed proveer al cl\u00ednico de ex\u00e1menes din\u00e1micos de alta calidad y precisi\u00f3n, adaptables a las necesidades de cada caso.<\/p>\n<\/div>\n<\/div><\/div><\/div><div id=\"panel-3073-0-0-3\" class=\"so-panel widget widget_orion_empty_space_w panel-last-child\" data-index=\"3\" ><div class=\"orion custom default panel-widget-style panel-widget-style-for-3073-0-0-3\" ><div\n\t\t\t\n\t\t\tclass=\"so-widget-orion_empty_space_w so-widget-orion_empty_space_w-base\"\n\t\t\t\n\t\t>\t<div class=\"row empty-space visible-sm visible-xs\" style=\"height:24px;\">\r\n\t<\/div><\/div><\/div><\/div><\/div><div id=\"pgc-3073-0-1\"  class=\"panel-grid-cell\" ><div id=\"panel-3073-0-1-0\" class=\"so-panel widget widget_orion_image_w panel-first-child panel-last-child\" data-index=\"4\" ><div class=\"orion custom default panel-widget-style panel-widget-style-for-3073-0-1-0\" ><div\n\t\t\t\n\t\t\tclass=\"so-widget-orion_image_w so-widget-orion_image_w-base\"\n\t\t\t\n\t\t>\r\n<div class=\"image-w relative\">\r\n\r\n\t\t\t\t\t\t\t\t\t\t<a rel=\"orion-images\" class=\"orion_carousel overlay-none overlay-hover-none\" href=\"https:\/\/dimax.softgenesys.cl\/wp-content\/uploads\/2024\/10\/Tomografia-1024x819.jpg\" title=\"\" data-caption=\"\" data-fancybox=\"https:\/\/dimax.softgenesys.cl\/wp-content\/uploads\/2024\/10\/Tomografia-1024x819.jpg\">\r\n\t\t\r\n\t\t\t\t\t<img loading=\"lazy\" decoding=\"async\" width=\"750\" height=\"500\" src=\"https:\/\/dimax.softgenesys.cl\/wp-content\/uploads\/2024\/10\/Tomografia-750x500.jpg\" class=\"attachment-orion_carousel size-orion_carousel\" alt=\"\" \/>\t\t\t<div class=\"overlay\"><\/div>\r\n\t\t\r\n\t\t\t\t\t<\/a>\r\n\t\t\t\r\n\t\r\n\t<div class=\"absolute\">\r\n\t\t<div class=\"hover-desc table-wrap\">\r\n\t\t\t<div class=\"cell-wrap\">\r\n\t\t\t\t<h4 class=\"text-light\"><\/h4>\r\n\t\t\t<\/div>\r\n\t\t<\/div>\r\n\t<\/div>\t\t\t\t\t\r\n<\/div>\r\n\r\n<\/div><\/div><\/div><\/div><\/div><\/div><\/div>","protected":false},"excerpt":{"rendered":"<p>CBCT: Tomograf\u00eda Computarizada Cone Beam, Tomograf\u00eda Volum\u00e9trica Cone Beam y Tomograf\u00eda Volum\u00e9trica Digital. El CBCT es un estudio radiogr\u00e1fico tridimensional que permite el an\u00e1lisis de estructuras \u00f3seas y dentarias y las relaciones existentes entre ellas. Est\u00e1 indicado previo a la colocaci\u00f3n de implantes, localizaci\u00f3n de dientes en los maxilares, estudio de la articulaci\u00f3n t\u00e9mporomandibular, visualizaci\u00f3n<\/p>\n","protected":false},"author":1,"featured_media":0,"parent":968,"menu_order":0,"comment_status":"closed","ping_status":"closed","template":"","meta":{"footnotes":""},"class_list":["post-3073","page","type-page","status-publish","hentry"],"_links":{"self":[{"href":"https:\/\/dimax.softgenesys.cl\/index.php\/wp-json\/wp\/v2\/pages\/3073"}],"collection":[{"href":"https:\/\/dimax.softgenesys.cl\/index.php\/wp-json\/wp\/v2\/pages"}],"about":[{"href":"https:\/\/dimax.softgenesys.cl\/index.php\/wp-json\/wp\/v2\/types\/page"}],"author":[{"embeddable":true,"href":"https:\/\/dimax.softgenesys.cl\/index.php\/wp-json\/wp\/v2\/users\/1"}],"replies":[{"embeddable":true,"href":"https:\/\/dimax.softgenesys.cl\/index.php\/wp-json\/wp\/v2\/comments?post=3073"}],"version-history":[{"count":1,"href":"https:\/\/dimax.softgenesys.cl\/index.php\/wp-json\/wp\/v2\/pages\/3073\/revisions"}],"predecessor-version":[{"id":3075,"href":"https:\/\/dimax.softgenesys.cl\/index.php\/wp-json\/wp\/v2\/pages\/3073\/revisions\/3075"}],"up":[{"embeddable":true,"href":"https:\/\/dimax.softgenesys.cl\/index.php\/wp-json\/wp\/v2\/pages\/968"}],"wp:attachment":[{"href":"https:\/\/dimax.softgenesys.cl\/index.php\/wp-json\/wp\/v2\/media?parent=3073"}],"curies":[{"name":"wp","href":"https:\/\/api.w.org\/{rel}","templated":true}]}}