{"id":3099,"date":"2024-10-21T19:23:02","date_gmt":"2024-10-21T19:23:02","guid":{"rendered":"https:\/\/dimax.softgenesys.cl\/?page_id=3099"},"modified":"2024-10-21T19:23:02","modified_gmt":"2024-10-21T19:23:02","slug":"fotografias-clinicas","status":"publish","type":"page","link":"https:\/\/dimax.softgenesys.cl\/index.php\/radiografias\/fotografias-clinicas\/","title":{"rendered":"FOTOGRAF\u00cdAS CL\u00cdNICAS"},"content":{"rendered":"<div id=\"pl-3099\"  class=\"panel-layout\" ><div id=\"pg-3099-0\"  class=\"panel-grid panel-has-style\" ><div class=\"divider-no-animation tablet-1-in-row mobile-1-in-row desktop-default custom panel-row-style panel-row-style-for-3099-0\" ><div id=\"pgc-3099-0-0\"  class=\"panel-grid-cell\" ><div id=\"panel-3099-0-0-0\" class=\"so-panel widget widget_orion_heading_w panel-first-child\" data-index=\"0\" ><div class=\"orion custom default panel-widget-style panel-widget-style-for-3099-0-0-0\" ><div\n\t\t\t\n\t\t\tclass=\"so-widget-orion_heading_w so-widget-orion_heading_w-base\"\n\t\t\t\n\t\t> \r\n\t\t\t<div class=\"row orion-heading\" style=\"margin-bottom:0px;\">\r\n\t\t<div class=\"col-md-12  separator-style-1 text-left style-h6 style-primary-color\">\r\n\t\t\t<h6 class=\"primary-color\">\r\n\t\t\t\tOTROS\t\t\t<\/h6>\r\n\t\t<\/div>\r\n\t<\/div>\r\n\r\n\t<\/div><\/div><\/div><div id=\"panel-3099-0-0-1\" class=\"so-panel widget widget_orion_heading_w\" data-index=\"1\" ><div class=\"orion custom default panel-widget-style panel-widget-style-for-3099-0-0-1\" ><div\n\t\t\t\n\t\t\tclass=\"so-widget-orion_heading_w so-widget-orion_heading_w-base\"\n\t\t\t\n\t\t> \r\n\t\t\t<div class=\"row orion-heading\" style=\"margin-bottom:0px;\">\r\n\t\t<div class=\"col-md-12   text-left style-h2 style-text-dark\">\r\n\t\t\t<h2 class=\"text-dark\">\r\n\t\t\t\tFOTOGRAF\u00cdAS CL\u00cdNICAS\t\t\t<\/h2>\r\n\t\t<\/div>\r\n\t<\/div>\r\n\r\n\t<\/div><\/div><\/div><div id=\"panel-3099-0-0-2\" class=\"so-panel widget widget_sow-editor\" data-index=\"2\" ><div class=\"orion custom default panel-widget-style panel-widget-style-for-3099-0-0-2\" ><div\n\t\t\t\n\t\t\tclass=\"so-widget-sow-editor so-widget-sow-editor-base\"\n\t\t\t\n\t\t>\n<div class=\"siteorigin-widget-tinymce textwidget\">\n\t<p class=\"lead\">Las fotograf\u00edas cl\u00ednicas son una herramienta de gran utilidad para registrar los avances de las distintas etapas de un tratamiento odontol\u00f3gico, especialmente aquellos de larga duraci\u00f3n o extensi\u00f3n, como ortodoncia, rehabilitaci\u00f3n oral y cirug\u00eda m\u00e1xilofacial. El set de fotograf\u00edas incluye tomas faciales, registros de mordida e im\u00e1genes intraorales.<\/p>\n<\/div>\n<\/div><\/div><\/div><div id=\"panel-3099-0-0-3\" class=\"so-panel widget widget_orion_empty_space_w panel-last-child\" data-index=\"3\" ><div class=\"orion custom default panel-widget-style panel-widget-style-for-3099-0-0-3\" ><div\n\t\t\t\n\t\t\tclass=\"so-widget-orion_empty_space_w so-widget-orion_empty_space_w-base\"\n\t\t\t\n\t\t>\t<div class=\"row empty-space visible-sm visible-xs\" style=\"height:24px;\">\r\n\t<\/div><\/div><\/div><\/div><\/div><div id=\"pgc-3099-0-1\"  class=\"panel-grid-cell\" ><div id=\"panel-3099-0-1-0\" class=\"so-panel widget widget_orion_image_w panel-first-child panel-last-child\" data-index=\"4\" ><div class=\"orion custom default panel-widget-style panel-widget-style-for-3099-0-1-0\" ><div\n\t\t\t\n\t\t\tclass=\"so-widget-orion_image_w so-widget-orion_image_w-base\"\n\t\t\t\n\t\t>\r\n<div class=\"image-w relative\">\r\n\r\n\t\t\t\t\t\t\t\t\t\t<a rel=\"orion-images\" class=\"orion_carousel overlay-none overlay-hover-none\" href=\"https:\/\/dimax.softgenesys.cl\/wp-content\/uploads\/2024\/10\/fotosdientes.png\" title=\"\" data-caption=\"\" data-fancybox=\"https:\/\/dimax.softgenesys.cl\/wp-content\/uploads\/2024\/10\/fotosdientes.png\">\r\n\t\t\r\n\t\t\t\t\t<img loading=\"lazy\" decoding=\"async\" width=\"603\" height=\"473\" src=\"https:\/\/dimax.softgenesys.cl\/wp-content\/uploads\/2024\/10\/fotosdientes.png\" class=\"attachment-orion_carousel size-orion_carousel\" alt=\"\" \/>\t\t\t<div class=\"overlay\"><\/div>\r\n\t\t\r\n\t\t\t\t\t<\/a>\r\n\t\t\t\r\n\t\r\n\t<div class=\"absolute\">\r\n\t\t<div class=\"hover-desc table-wrap\">\r\n\t\t\t<div class=\"cell-wrap\">\r\n\t\t\t\t<h4 class=\"text-light\"><\/h4>\r\n\t\t\t<\/div>\r\n\t\t<\/div>\r\n\t<\/div>\t\t\t\t\t\r\n<\/div>\r\n\r\n<\/div><\/div><\/div><\/div><\/div><\/div><\/div>","protected":false},"excerpt":{"rendered":"<p>Las fotograf\u00edas cl\u00ednicas son una herramienta de gran utilidad para registrar los avances de las distintas etapas de un tratamiento odontol\u00f3gico, especialmente aquellos de larga duraci\u00f3n o extensi\u00f3n, como ortodoncia, rehabilitaci\u00f3n oral y cirug\u00eda m\u00e1xilofacial. El set de fotograf\u00edas incluye tomas faciales, registros de mordida e im\u00e1genes intraorales.<\/p>\n","protected":false},"author":1,"featured_media":0,"parent":968,"menu_order":0,"comment_status":"closed","ping_status":"closed","template":"","meta":{"footnotes":""},"class_list":["post-3099","page","type-page","status-publish","hentry"],"_links":{"self":[{"href":"https:\/\/dimax.softgenesys.cl\/index.php\/wp-json\/wp\/v2\/pages\/3099"}],"collection":[{"href":"https:\/\/dimax.softgenesys.cl\/index.php\/wp-json\/wp\/v2\/pages"}],"about":[{"href":"https:\/\/dimax.softgenesys.cl\/index.php\/wp-json\/wp\/v2\/types\/page"}],"author":[{"embeddable":true,"href":"https:\/\/dimax.softgenesys.cl\/index.php\/wp-json\/wp\/v2\/users\/1"}],"replies":[{"embeddable":true,"href":"https:\/\/dimax.softgenesys.cl\/index.php\/wp-json\/wp\/v2\/comments?post=3099"}],"version-history":[{"count":1,"href":"https:\/\/dimax.softgenesys.cl\/index.php\/wp-json\/wp\/v2\/pages\/3099\/revisions"}],"predecessor-version":[{"id":3101,"href":"https:\/\/dimax.softgenesys.cl\/index.php\/wp-json\/wp\/v2\/pages\/3099\/revisions\/3101"}],"up":[{"embeddable":true,"href":"https:\/\/dimax.softgenesys.cl\/index.php\/wp-json\/wp\/v2\/pages\/968"}],"wp:attachment":[{"href":"https:\/\/dimax.softgenesys.cl\/index.php\/wp-json\/wp\/v2\/media?parent=3099"}],"curies":[{"name":"wp","href":"https:\/\/api.w.org\/{rel}","templated":true}]}}