{"id":943,"date":"2016-10-05T12:40:02","date_gmt":"2016-10-05T12:40:02","guid":{"rendered":"http:\/\/dentalia.orionthemes.com\/demo-1\/?page_id=943"},"modified":"2024-09-27T14:06:02","modified_gmt":"2024-09-27T14:06:02","slug":"tomografia","status":"publish","type":"page","link":"https:\/\/dimax.softgenesys.cl\/index.php\/radiografias\/tomografia\/","title":{"rendered":"TOMOGRAF\u00cdA COMPUTARIZADA CONE BEAM"},"content":{"rendered":"<div id=\"pl-943\"  class=\"panel-layout\" ><div id=\"pg-943-0\"  class=\"panel-grid panel-has-style\" ><div class=\"divider-no-animation tablet-1-in-row mobile-1-in-row desktop-default custom panel-row-style panel-row-style-for-943-0\" ><div id=\"pgc-943-0-0\"  class=\"panel-grid-cell\" ><div id=\"panel-943-0-0-0\" class=\"so-panel widget widget_orion_empty_space_w panel-first-child\" data-index=\"0\" ><div class=\"orion custom default panel-widget-style panel-widget-style-for-943-0-0-0\" ><div\n\t\t\t\n\t\t\tclass=\"so-widget-orion_empty_space_w so-widget-orion_empty_space_w-base\"\n\t\t\t\n\t\t>\t<div class=\"row empty-space visible-sm visible-xs\" style=\"height:24px;\">\r\n\t<\/div><\/div><\/div><\/div><div id=\"panel-943-0-0-1\" class=\"so-panel widget widget_sow-editor\" data-index=\"1\" ><div class=\"orion custom default panel-widget-style panel-widget-style-for-943-0-0-1\" ><div\n\t\t\t\n\t\t\tclass=\"so-widget-sow-editor so-widget-sow-editor-base\"\n\t\t\t\n\t\t>\n<div class=\"siteorigin-widget-tinymce textwidget\">\n\t<p class=\"lead\"><strong>Texto Texto Texto Texto Texto Texto Texto Texto Texto Texto<br \/>\n<\/strong><\/p>\n<p class=\"lead\">Descripci\u00f3n ripci\u00f3n Descripci\u00f3n Descripci\u00f3n Descripci\u00f3n Descripci\u00f3n Descripci\u00f3n Descripci\u00f3n Descripci\u00f3n\u00a0\u00a0 Descripci\u00f3n Descripci\u00f3n Descripci\u00f3n Descripci\u00f3n\u00a0\u00a0\u00a0 Descripci\u00f3n Descripci\u00f3n<\/p>\n<\/div>\n<\/div><\/div><\/div><div id=\"panel-943-0-0-2\" class=\"so-panel widget widget_orion_button_w panel-last-child\" data-index=\"2\" ><div class=\"orion custom mobile-text-center tablets-text-center absolute-bottom absolute-bottom-left default panel-widget-style panel-widget-style-for-943-0-0-2\" ><div\n\t\t\t\n\t\t\tclass=\"so-widget-orion_button_w so-widget-orion_button_w-base\"\n\t\t\t\n\t\t>\r\n\t\t\t<button class=\"btn btn-c1 btn-round btn-flat btn-lg\" >\r\n\t\t\tEJEMPLO\t\t<\/button>\r\n\t\r\n\r\n\r\n\r\n<\/div><\/div><\/div><\/div><div id=\"pgc-943-0-1\"  class=\"panel-grid-cell\" ><div id=\"panel-943-0-1-0\" class=\"so-panel widget widget_orion_image_w panel-first-child panel-last-child\" data-index=\"3\" ><div class=\"orion custom mobile-text-center default panel-widget-style panel-widget-style-for-943-0-1-0\" ><div\n\t\t\t\n\t\t\tclass=\"so-widget-orion_image_w so-widget-orion_image_w-base\"\n\t\t\t\n\t\t>\r\n<div class=\"image-w relative\">\r\n\r\n\t\t\t\t\t\t\t<div class=\"orion_square overlay-none overlay-hover-none\">\r\n\t\t\r\n\t\t\t\t\t<img loading=\"lazy\" decoding=\"async\" width=\"750\" height=\"423\" src=\"https:\/\/dimax.softgenesys.cl\/wp-content\/uploads\/2024\/09\/tomografia-computarizada-cone-beam-1-750x423.jpg\" class=\"attachment-orion_square size-orion_square\" alt=\"\" \/>\t\t\t<div class=\"overlay\"><\/div>\r\n\t\t\r\n\t\t\t\t\t<\/div>\r\n\t\t\t\r\n\t\r\n\t<div class=\"absolute\">\r\n\t\t<div class=\"hover-desc table-wrap\">\r\n\t\t\t<div class=\"cell-wrap\">\r\n\t\t\t\t<h4 class=\"text-dark\"><\/h4>\r\n\t\t\t<\/div>\r\n\t\t<\/div>\r\n\t<\/div>\t\t\t\t\t\r\n<\/div>\r\n\r\n<\/div><\/div><\/div><\/div><\/div><\/div><div id=\"pg-943-1\"  class=\"panel-grid panel-has-style\" ><div class=\"horizontal_left orion-parallax siteorigin-panels-stretch divider-no-animation tablet-2-in-row mobile-1-in-row desktop-default overlay-c2 custom panel-row-style panel-row-style-for-943-1\" data-stretch-type=\"full\" ><div id=\"pgc-943-1-0\"  class=\"panel-grid-cell\" ><div id=\"panel-943-1-0-0\" class=\"so-panel widget widget_orion_list_w panel-first-child panel-last-child\" data-index=\"4\" ><div class=\"orion custom default panel-widget-style panel-widget-style-for-943-1-0-0\" ><div\n\t\t\t\n\t\t\tclass=\"so-widget-orion_list_w so-widget-orion_list_w-base\"\n\t\t\t\n\t\t><div class=\"row button-wrap\">\r\n\t\r\n\t<div class=\"list-wrap col-md-12\">\r\n\t\t<ul class=\"no-liststyle size-large\" style=\"background:transparent\">\r\n\t\t\t\t\r\n\t\t<li class=\"text-light\" >\r\n\t\t\t\t\t\t\t<span class=\"icon\">\r\n\t\t\t\t\t<span class=\"sow-icon-eleganticons\" data-sow-icon=\"&#x4e;\"\n\t\tstyle=\"color: #00bcd4\" \n\t\taria-hidden=\"true\"><\/span>\t\t\t\t<\/span>\r\n\t\t\t\t\t\t\t<div class=\"wrapper\">\r\n\t\t\t\t\tCaracteristica\t\t\t\t<\/div>\r\n\t\t<\/li>\t\r\n\r\n\t\t\t\t\r\n\t\t<li class=\"text-light\" >\r\n\t\t\t\t\t\t\t<span class=\"icon\">\r\n\t\t\t\t\t<span class=\"sow-icon-eleganticons\" data-sow-icon=\"&#x4e;\"\n\t\tstyle=\"color: #00bcd4\" \n\t\taria-hidden=\"true\"><\/span>\t\t\t\t<\/span>\r\n\t\t\t\t\t\t\t<div class=\"wrapper\">\r\n\t\t\t\t\tCaracteristica\t\t\t\t<\/div>\r\n\t\t<\/li>\t\r\n\r\n\t\t\t\t\r\n\t\t<li class=\"text-light\" >\r\n\t\t\t\t\t\t\t<span class=\"icon\">\r\n\t\t\t\t\t<span class=\"sow-icon-eleganticons\" data-sow-icon=\"&#x4e;\"\n\t\tstyle=\"color: #00bcd4\" \n\t\taria-hidden=\"true\"><\/span>\t\t\t\t<\/span>\r\n\t\t\t\t\t\t\t<div class=\"wrapper\">\r\n\t\t\t\t\tCaracteristica\t\t\t\t<\/div>\r\n\t\t<\/li>\t\r\n\r\n\t\t\t<\/ul>\r\n\t<\/div>\r\n<\/div><\/div><\/div><\/div><\/div><div id=\"pgc-943-1-1\"  class=\"panel-grid-cell\" ><div id=\"panel-943-1-1-0\" class=\"so-panel widget widget_orion_list_w panel-first-child panel-last-child\" data-index=\"5\" ><div class=\"orion custom default panel-widget-style panel-widget-style-for-943-1-1-0\" ><div\n\t\t\t\n\t\t\tclass=\"so-widget-orion_list_w so-widget-orion_list_w-base\"\n\t\t\t\n\t\t><div class=\"row button-wrap\">\r\n\t\r\n\t<div class=\"list-wrap col-md-12\">\r\n\t\t<ul class=\"no-liststyle size-large\" style=\"background:transparent\">\r\n\t\t\t\t\r\n\t\t<li class=\"text-light\" >\r\n\t\t\t\t\t\t\t<span class=\"icon\">\r\n\t\t\t\t\t<span class=\"sow-icon-eleganticons\" data-sow-icon=\"&#x4e;\"\n\t\tstyle=\"color: #00bcd4\" \n\t\taria-hidden=\"true\"><\/span>\t\t\t\t<\/span>\r\n\t\t\t\t\t\t\t<div class=\"wrapper\">\r\n\t\t\t\t\tCaracteristica\t\t\t\t<\/div>\r\n\t\t<\/li>\t\r\n\r\n\t\t\t\t\r\n\t\t<li class=\"text-light\" >\r\n\t\t\t\t\t\t\t<span class=\"icon\">\r\n\t\t\t\t\t<span class=\"sow-icon-eleganticons\" data-sow-icon=\"&#x4e;\"\n\t\tstyle=\"color: #00bcd4\" \n\t\taria-hidden=\"true\"><\/span>\t\t\t\t<\/span>\r\n\t\t\t\t\t\t\t<div class=\"wrapper\">\r\n\t\t\t\t\tCaracteristica\t\t\t\t<\/div>\r\n\t\t<\/li>\t\r\n\r\n\t\t\t\t\r\n\t\t<li class=\"text-light\" >\r\n\t\t\t\t\t\t\t<span class=\"icon\">\r\n\t\t\t\t\t<span class=\"sow-icon-eleganticons\" data-sow-icon=\"&#x4e;\"\n\t\tstyle=\"color: #00bcd4\" \n\t\taria-hidden=\"true\"><\/span>\t\t\t\t<\/span>\r\n\t\t\t\t\t\t\t<div class=\"wrapper\">\r\n\t\t\t\t\tCaracteristica\t\t\t\t<\/div>\r\n\t\t<\/li>\t\r\n\r\n\t\t\t<\/ul>\r\n\t<\/div>\r\n<\/div><\/div><\/div><\/div><\/div><div id=\"pgc-943-1-2\"  class=\"panel-grid-cell\" ><div id=\"panel-943-1-2-0\" class=\"so-panel widget widget_orion_list_w panel-first-child panel-last-child\" data-index=\"6\" ><div class=\"orion custom default panel-widget-style panel-widget-style-for-943-1-2-0\" ><div\n\t\t\t\n\t\t\tclass=\"so-widget-orion_list_w so-widget-orion_list_w-base\"\n\t\t\t\n\t\t><div class=\"row button-wrap\">\r\n\t\r\n\t<div class=\"list-wrap col-md-12\">\r\n\t\t<ul class=\"no-liststyle size-large\" style=\"background:transparent\">\r\n\t\t\t\t\r\n\t\t<li class=\"text-light\" >\r\n\t\t\t\t\t\t\t<span class=\"icon\">\r\n\t\t\t\t\t<span class=\"sow-icon-eleganticons\" data-sow-icon=\"&#x4e;\"\n\t\tstyle=\"color: #00bcd4\" \n\t\taria-hidden=\"true\"><\/span>\t\t\t\t<\/span>\r\n\t\t\t\t\t\t\t<div class=\"wrapper\">\r\n\t\t\t\t\tCaracteristica\t\t\t\t<\/div>\r\n\t\t<\/li>\t\r\n\r\n\t\t\t\t\r\n\t\t<li class=\"text-light\" >\r\n\t\t\t\t\t\t\t<span class=\"icon\">\r\n\t\t\t\t\t<span class=\"sow-icon-eleganticons\" data-sow-icon=\"&#x4e;\"\n\t\tstyle=\"color: #00bcd4\" \n\t\taria-hidden=\"true\"><\/span>\t\t\t\t<\/span>\r\n\t\t\t\t\t\t\t<div class=\"wrapper\">\r\n\t\t\t\t\tCaracteristica\t\t\t\t<\/div>\r\n\t\t<\/li>\t\r\n\r\n\t\t\t\t\r\n\t\t<li class=\"text-light\" >\r\n\t\t\t\t\t\t\t<span class=\"icon\">\r\n\t\t\t\t\t<span class=\"sow-icon-eleganticons\" data-sow-icon=\"&#x4e;\"\n\t\tstyle=\"color: #00bcd4\" \n\t\taria-hidden=\"true\"><\/span>\t\t\t\t<\/span>\r\n\t\t\t\t\t\t\t<div class=\"wrapper\">\r\n\t\t\t\t\tCaracteristica\t\t\t\t<\/div>\r\n\t\t<\/li>\t\r\n\r\n\t\t\t<\/ul>\r\n\t<\/div>\r\n<\/div><\/div><\/div><\/div><\/div><\/div><\/div><\/div>","protected":false},"excerpt":{"rendered":"<p>Dental implants are a common procedure of permanently replacing missing teeth without affecting neighboring teeth. <\/p>\n","protected":false},"author":1,"featured_media":0,"parent":968,"menu_order":0,"comment_status":"closed","ping_status":"closed","template":"","meta":{"footnotes":""},"class_list":["post-943","page","type-page","status-publish","hentry"],"_links":{"self":[{"href":"https:\/\/dimax.softgenesys.cl\/index.php\/wp-json\/wp\/v2\/pages\/943"}],"collection":[{"href":"https:\/\/dimax.softgenesys.cl\/index.php\/wp-json\/wp\/v2\/pages"}],"about":[{"href":"https:\/\/dimax.softgenesys.cl\/index.php\/wp-json\/wp\/v2\/types\/page"}],"author":[{"embeddable":true,"href":"https:\/\/dimax.softgenesys.cl\/index.php\/wp-json\/wp\/v2\/users\/1"}],"replies":[{"embeddable":true,"href":"https:\/\/dimax.softgenesys.cl\/index.php\/wp-json\/wp\/v2\/comments?post=943"}],"version-history":[{"count":12,"href":"https:\/\/dimax.softgenesys.cl\/index.php\/wp-json\/wp\/v2\/pages\/943\/revisions"}],"predecessor-version":[{"id":2973,"href":"https:\/\/dimax.softgenesys.cl\/index.php\/wp-json\/wp\/v2\/pages\/943\/revisions\/2973"}],"up":[{"embeddable":true,"href":"https:\/\/dimax.softgenesys.cl\/index.php\/wp-json\/wp\/v2\/pages\/968"}],"wp:attachment":[{"href":"https:\/\/dimax.softgenesys.cl\/index.php\/wp-json\/wp\/v2\/media?parent=943"}],"curies":[{"name":"wp","href":"https:\/\/api.w.org\/{rel}","templated":true}]}}